{"id":9685,"date":"2024-11-20T16:37:04","date_gmt":"2024-11-21T00:37:04","guid":{"rendered":"https:\/\/mclmcgill.com\/proprietaire-exploitant\/"},"modified":"2025-05-02T13:55:30","modified_gmt":"2025-05-02T20:55:30","slug":"proprietaire-exploitant","status":"publish","type":"page","link":"https:\/\/mclmcgill.com\/fr\/proprietaire-exploitant\/","title":{"rendered":"Propri\u00e9taire exploitant"},"content":{"rendered":"\n<h2 class=\"wp-block-heading\">Propri\u00e9taire exploitant<\/h2>\n\n<p>En tant que <strong>partenaire commercial<\/strong> de MCL McGill Carriers Ltd, vous serez responsable du transport s\u00e9curitaire de v\u00e9hicules \u00e0 travers le Canada et les \u00c9tats-Unis \u00e0 l&rsquo;aide de votre propre camion et de votre \u00e9quipement de transport de voitures. Vous g\u00e9rerez et exploiterez votre propre entreprise tout en collaborant avec nous pour assurer la livraison des v\u00e9hicules en temps voulu et en toute s\u00e9curit\u00e9, dans le respect de toutes les r\u00e9glementations f\u00e9d\u00e9rales et internationales applicables et des politiques de l&rsquo;entreprise. Le partenaire id\u00e9al aura une solide exp\u00e9rience des op\u00e9rations de transport de voitures, d&rsquo;excellentes comp\u00e9tences en mati\u00e8re de conduite et s&rsquo;engagera \u00e0 respecter les normes les plus strictes en mati\u00e8re de s\u00e9curit\u00e9 et de professionnalisme.<\/p>\n\n<hr class=\"wp-block-separator aligncenter has-alpha-channel-opacity is-style-wide\"\/>\n\n<h5 class=\"wp-block-heading\"><strong>Principales responsabilit\u00e9s :<\/strong><\/h5>\n\n<ul class=\"wp-block-list\">\n<li><strong>Transport de v\u00e9hicules :<\/strong> En tant que propri\u00e9taire-exploitant dans le cadre d&rsquo;un contrat commercial, conduisez en toute s\u00e9curit\u00e9 votre propre camion de transport de voitures pour transporter des v\u00e9hicules dans les provinces de base o\u00f9 vous \u00eates engag\u00e9, ainsi que dans les \u00c9tats am\u00e9ricains voisins, en garantissant une livraison rapide, s\u00fbre et professionnelle.<\/li>\n\n\n\n<li><strong>Charger et d\u00e9charger les v\u00e9hicules :<\/strong> Charger et d\u00e9charger efficacement les v\u00e9hicules sur le car-hauler, en veillant \u00e0 ce qu&rsquo;ils soient correctement arrim\u00e9s et prot\u00e9g\u00e9s pendant le transport.<\/li>\n\n\n\n<li><strong>Inspection des cargaisons :<\/strong> Inspectez chaque v\u00e9hicule pour d\u00e9tecter les dommages pr\u00e9existants et documentez les r\u00e9sultats afin de garantir la transparence et de vous pr\u00e9munir contre d&rsquo;\u00e9ventuels litiges.<\/li>\n\n\n\n<li><strong>Inspections avant et apr\u00e8s le voyage :<\/strong> Effectuez des inspections approfondies de votre camion et de votre \u00e9quipement de transport de voitures avant et apr\u00e8s chaque voyage, en identifiant et en r\u00e9glant tout probl\u00e8me d&rsquo;entretien ou de s\u00e9curit\u00e9.<\/li>\n\n\n\n<li><strong>Conformit\u00e9 :<\/strong> Veiller au respect de toutes les r\u00e9glementations f\u00e9d\u00e9rales, provinciales et internationales applicables \u00e0 la conduite des camions, au transport des v\u00e9hicules, aux heures de service, aux limites de poids et aux proc\u00e9dures douani\u00e8res. Respecter toutes les exigences de l&rsquo;entreprise et les directives des fabricants.<\/li>\n\n\n\n<li><strong>Passage des fronti\u00e8res :<\/strong> G\u00e9rer la documentation et les proc\u00e9dures n\u00e9cessaires au passage de la fronti\u00e8re entre les \u00c9tats-Unis et le Canada, y compris les d\u00e9clarations de douane et le respect des r\u00e9glementations en mati\u00e8re d&rsquo;importation et d&rsquo;exportation.<\/li>\n\n\n\n<li><strong>Documentation :<\/strong> Compl\u00e9tez et conservez des dossiers pr\u00e9cis pour toutes les livraisons, y compris les journaux, les re\u00e7us de livraison et les rapports d&rsquo;inspection.<\/li>\n\n\n\n<li><strong>Service \u00e0 la client\u00e8le :<\/strong> Fournir un excellent service \u00e0 la client\u00e8le en communiquant de mani\u00e8re professionnelle, en r\u00e9pondant aux pr\u00e9occupations des clients et en veillant \u00e0 leur satisfaction.<\/li>\n\n\n\n<li><strong>S\u00e9curit\u00e9 :<\/strong> Respectez tous les protocoles de s\u00e9curit\u00e9 pour assurer votre s\u00e9curit\u00e9, celle des autres et la protection des v\u00e9hicules transport\u00e9s.<\/li>\n<\/ul>\n\n<h5 class=\"wp-block-heading\"><strong>Qualifications :<\/strong><\/h5>\n\n<ul class=\"wp-block-list\">\n<li><strong>Permis de conduire valide :<\/strong> Poss\u00e9der un permis de conduire commercial canadien valide (classe 1) et un dossier de conduite vierge.<\/li>\n\n\n\n<li><strong>Exp\u00e9rience :<\/strong> Minimum 1 \u00e0 2 ans d&rsquo;exp\u00e9rience en tant que chauffeur de camion, de pr\u00e9f\u00e9rence avec une exp\u00e9rience dans le transport de voitures et les op\u00e9rations transfrontali\u00e8res.<\/li>\n\n\n\n<li><strong>Connaissances :<\/strong> Connaissance approfondie des r\u00e9glementations relatives \u00e0 la conduite de camions, au transport de v\u00e9hicules et aux r\u00e8gles transfrontali\u00e8res.<\/li>\n\n\n\n<li><strong>Comp\u00e9tences :<\/strong> Comp\u00e9tences exceptionnelles en mati\u00e8re de conduite, souci du d\u00e9tail et capacit\u00e9 \u00e0 utiliser le mat\u00e9riel de transport de mani\u00e8re efficace et s\u00fbre.<\/li>\n\n\n\n<li><strong>Exp\u00e9rience du passage de la fronti\u00e8re :<\/strong> Familiarit\u00e9 avec les proc\u00e9dures de passage de la fronti\u00e8re entre les \u00c9tats-Unis et le Canada et avec la r\u00e9glementation douani\u00e8re.<\/li>\n\n\n\n<li><strong>Test de d\u00e9pistage de drogues :<\/strong> R\u00e9ussir un test de d\u00e9pistage de drogues avant le partenariat.<\/li>\n\n\n\n<li><strong>Examen routier de l&rsquo;entreprise :<\/strong> Vous devez passer un examen sur route sp\u00e9cifique \u00e0 l&rsquo;entreprise afin d&rsquo;\u00e9valuer vos comp\u00e9tences en mati\u00e8re de conduite.<\/li>\n\n\n\n<li><strong>V\u00e9rification des ant\u00e9c\u00e9dents criminels :<\/strong> Une v\u00e9rification des ant\u00e9c\u00e9dents criminels sera exig\u00e9e dans le cadre du processus de partenariat.<\/li>\n\n\n\n<li><strong>Poss\u00e9der son propre \u00e9quipement :<\/strong> Vous devez poss\u00e9der et utiliser un camion et une remorque de transport de voitures qui r\u00e9pondent aux normes op\u00e9rationnelles de l&rsquo;entreprise.<\/li>\n\n\n\n<li><strong>Couverture de la CAT :<\/strong> Vous devez avoir une couverture valide de la Commission des accidents du travail (CAT) pour vous-m\u00eame et pour tout employ\u00e9 que vous pourriez embaucher pour conduire votre camion.<\/li>\n<\/ul>\n\n<h5 class=\"wp-block-heading\"><strong>Exigences physiques :<\/strong><\/h5>\n\n<ul class=\"wp-block-list\">\n<li><strong>Levage et portage :<\/strong> Capacit\u00e9 \u00e0 soulever et \u00e0 manipuler des pi\u00e8ces de v\u00e9hicules et des \u00e9quipements pesant jusqu&rsquo;\u00e0 50 livres.<\/li>\n\n\n\n<li><strong>Grimper et man\u0153uvrer :<\/strong> Capacit\u00e9 \u00e0 monter et descendre des camions et des car-haulers et \u00e0 man\u0153uvrer dans la zone de chargement des v\u00e9hicules.<\/li>\n\n\n\n<li><strong>Endurance :<\/strong> Endurance physique pendant de longues heures sur la route, avec des p\u00e9riodes occasionnelles de station debout, de flexion et de marche.<\/li>\n\n\n\n<li><strong>Vision et dext\u00e9rit\u00e9 :<\/strong> La vision et la dext\u00e9rit\u00e9 manuelle sont suffisantes pour actionner les commandes du v\u00e9hicule et effectuer les inspections.<\/li>\n\n\n\n<li><strong>Conditions m\u00e9t\u00e9orologiques :<\/strong> Capacit\u00e9 \u00e0 travailler dans des conditions m\u00e9t\u00e9orologiques variables, y compris des temp\u00e9ratures extr\u00eames et des conditions m\u00e9t\u00e9orologiques d\u00e9favorables.<\/li>\n<\/ul>\n\n<h5 class=\"wp-block-heading\"><strong>Conditions de travail :<\/strong><\/h5>\n\n<ul class=\"wp-block-list\">\n<li><strong>Voyage :<\/strong> Fr\u00e9quents d\u00e9placements sur de longues distances \u00e0 travers le Canada et les \u00c9tats-Unis, avec souvent de longues p\u00e9riodes d&rsquo;absence du domicile.<\/li>\n\n\n\n<li><strong>Environnement :<\/strong> Travail \u00e0 l&rsquo;int\u00e9rieur et \u00e0 l&rsquo;ext\u00e9rieur, y compris chargement et d\u00e9chargement de v\u00e9hicules dans des conditions m\u00e9t\u00e9orologiques vari\u00e9es.<\/li>\n\n\n\n<li><strong>Horaires :<\/strong> Horaires de travail flexibles, pouvant inclure les nuits, les week-ends et les jours f\u00e9ri\u00e9s, afin de respecter les d\u00e9lais de livraison.<\/li>\n\n\n\n<li><strong>Protocoles de s\u00e9curit\u00e9 :<\/strong> Respect de toutes les r\u00e8gles de s\u00e9curit\u00e9, y compris l&rsquo;utilisation d&rsquo;\u00e9quipements de protection individuelle (EPI) et de pratiques de conduite s\u00fbres.<\/li>\n<\/ul>\n\n<h5 class=\"wp-block-heading\"><strong>Formation :<\/strong><\/h5>\n\n<p>Les nouveaux partenaires commerciaux suivront une p\u00e9riode de formation de 1 \u00e0 12 semaines, en fonction de leur exp\u00e9rience ant\u00e9rieure. La formation portera sur les proc\u00e9dures propres \u00e0 l&rsquo;entreprise, le fonctionnement des \u00e9quipements, les protocoles de s\u00e9curit\u00e9 et les r\u00e9glementations transfrontali\u00e8res afin de garantir la pr\u00e9paration au poste.<\/p>\n\n<h3 class=\"wp-block-heading\">Pr\u00eat \u00e0 prendre la route ?<\/h3>\n\n<p>Si vous \u00eates un camionneur chevronn\u00e9 poss\u00e9dant votre propre \u00e9quipement de transport de voitures, ne manquez pas cette occasion de vous joindre \u00e0 notre famille chez MCL McGill Carriers Ltd. Passez \u00e0 l&rsquo;\u00e9tape suivante de votre parcours en envoyant votre CV et une lettre de motivation d\u00e9crivant vos qualifications \u00e0 <a href=\"mailto:recruiting@mclmcgill.com\">recruiting@mclmcgill.com<\/a>.<\/p>\n\n<p>Chez MCL McGill Carriers Ltd, la diversit\u00e9 est c\u00e9l\u00e9br\u00e9e et l&rsquo;inclusion est notre force. Nous appr\u00e9cions toutes les candidatures, mais seuls les candidats s\u00e9lectionn\u00e9s pour un entretien seront contact\u00e9s. Prenez le volant et roulez vers un avenir meilleur avec nous !<\/p>\n","protected":false},"excerpt":{"rendered":"<p>Propri\u00e9taire exploitant En tant que partenaire commercial de MCL McGill Carriers Ltd, vous serez responsable du transport s\u00e9curitaire de v\u00e9hicules \u00e0 travers le Canada et les \u00c9tats-Unis \u00e0 l&rsquo;aide de&hellip;<\/p>\n","protected":false},"author":1,"featured_media":0,"parent":0,"menu_order":0,"comment_status":"closed","ping_status":"closed","template":"elementor_header_footer","meta":{"footnotes":""},"class_list":["post-9685","page","type-page","status-publish","hentry"],"_links":{"self":[{"href":"https:\/\/mclmcgill.com\/fr\/wp-json\/wp\/v2\/pages\/9685","targetHints":{"allow":["GET"]}}],"collection":[{"href":"https:\/\/mclmcgill.com\/fr\/wp-json\/wp\/v2\/pages"}],"about":[{"href":"https:\/\/mclmcgill.com\/fr\/wp-json\/wp\/v2\/types\/page"}],"author":[{"embeddable":true,"href":"https:\/\/mclmcgill.com\/fr\/wp-json\/wp\/v2\/users\/1"}],"replies":[{"embeddable":true,"href":"https:\/\/mclmcgill.com\/fr\/wp-json\/wp\/v2\/comments?post=9685"}],"version-history":[{"count":2,"href":"https:\/\/mclmcgill.com\/fr\/wp-json\/wp\/v2\/pages\/9685\/revisions"}],"predecessor-version":[{"id":9904,"href":"https:\/\/mclmcgill.com\/fr\/wp-json\/wp\/v2\/pages\/9685\/revisions\/9904"}],"wp:attachment":[{"href":"https:\/\/mclmcgill.com\/fr\/wp-json\/wp\/v2\/media?parent=9685"}],"curies":[{"name":"wp","href":"https:\/\/api.w.org\/{rel}","templated":true}]}}