{"id":9679,"date":"2025-01-08T14:16:57","date_gmt":"2025-01-08T22:16:57","guid":{"rendered":"https:\/\/mclmcgill.com\/chauffeur-dentreprise\/"},"modified":"2025-05-02T13:53:57","modified_gmt":"2025-05-02T20:53:57","slug":"chauffeur-dentreprise","status":"publish","type":"page","link":"https:\/\/mclmcgill.com\/fr\/chauffeur-dentreprise\/","title":{"rendered":"Chauffeur d&rsquo;entreprise"},"content":{"rendered":"\n<h2 class=\"wp-block-heading\">Chauffeur d&rsquo;entreprise<\/h2>\n\n<p style=\"margin-top:0;margin-bottom:0;padding-top:0;padding-right:0;padding-bottom:0;padding-left:0\">Les chauffeurs de camion de MCL McGill Carriers Ltd. seront responsables du transport s\u00e9curitaire de v\u00e9hicules \u00e0 destination et en provenance d&rsquo;endroits d\u00e9sign\u00e9s au Canada et aux \u00c9tats-Unis. Le chauffeur de camion assurera une livraison rapide et s\u00e9curitaire tout en respectant les r\u00e8glements f\u00e9d\u00e9raux et internationaux ainsi que les politiques de l&rsquo;entreprise. Le candidat id\u00e9al doit avoir une bonne compr\u00e9hension des op\u00e9rations de transport de v\u00e9hicules, d&rsquo;excellentes comp\u00e9tences de conduite et un engagement \u00e0 maintenir les normes les plus \u00e9lev\u00e9es en mati\u00e8re de s\u00e9curit\u00e9 et de professionnalisme.<\/p>\n\n<hr class=\"wp-block-separator aligncenter has-alpha-channel-opacity is-style-wide\"\/>\n\n<h5 class=\"wp-block-heading\"><strong>Principales responsabilit\u00e9s :<\/strong><\/h5>\n\n<ul class=\"wp-block-list\">\n<li><strong>Transport de v\u00e9hicules : <\/strong>Conduisez en toute s\u00e9curit\u00e9 votre propre camion de transport de v\u00e9hicules dans les provinces de base o\u00f9 les conducteurs sont recrut\u00e9s, ainsi que dans les \u00c9tats am\u00e9ricains voisins, en veillant \u00e0 ce que la livraison soit rapide, s\u00fbre et professionnelle.<\/li>\n\n\n\n<li><strong>Charger et d\u00e9charger les v\u00e9hicules :<\/strong> Charger et d\u00e9charger efficacement les v\u00e9hicules sur le car-hauler, en veillant \u00e0 l&rsquo;arrimage et \u00e0 la protection des v\u00e9hicules pendant le transport.<\/li>\n\n\n\n<li><strong>Inspection de la cargaison : <\/strong>Inspectez chaque v\u00e9hicule pour v\u00e9rifier qu&rsquo;il n&rsquo;y a pas de dommages pr\u00e9existants et documentez les r\u00e9sultats.<\/li>\n\n\n\n<li><strong>Inspections avant et apr\u00e8s le d\u00e9part :<\/strong> Effectuer des inspections approfondies du camion et de l&rsquo;\u00e9quipement de transport de voitures avant et apr\u00e8s le voyage, en identifiant et en traitant tout probl\u00e8me d&rsquo;entretien ou de s\u00e9curit\u00e9.<\/li>\n\n\n\n<li><strong>Conformit\u00e9 :<\/strong> Respecter toutes les r\u00e9glementations f\u00e9d\u00e9rales, provinciales et internationales relatives \u00e0 la conduite des camions et au transport des v\u00e9hicules, y compris les r\u00e8gles relatives aux heures de service, les limites de poids et les proc\u00e9dures douani\u00e8res. Veiller au respect des exigences de l&rsquo;entreprise et des fabricants.<\/li>\n\n\n\n<li><strong>Passage de la fronti\u00e8re :<\/strong> G\u00e9rer l&rsquo;ensemble de la documentation et des proc\u00e9dures n\u00e9cessaires au passage de la fronti\u00e8re entre les \u00c9tats-Unis et le Canada, y compris les d\u00e9clarations de douane et le respect des r\u00e9glementations en mati\u00e8re d&rsquo;importation et d&rsquo;exportation.<\/li>\n\n\n\n<li><strong>Documentation :<\/strong> Remplir et conserver des registres pr\u00e9cis des livraisons, y compris les re\u00e7us de livraison, les journaux et les rapports d&rsquo;inspection.<\/li>\n\n\n\n<li><strong>Service \u00e0 la client\u00e8le :<\/strong> Fournir un excellent service \u00e0 la client\u00e8le en communiquant de mani\u00e8re professionnelle avec les clients, en r\u00e9pondant \u00e0 leurs pr\u00e9occupations et en veillant \u00e0 leur satisfaction.<\/li>\n\n\n\n<li><strong>S\u00e9curit\u00e9 :<\/strong> Respectez tous les protocoles et proc\u00e9dures de s\u00e9curit\u00e9 afin de garantir votre s\u00e9curit\u00e9, celle des autres usagers de la route et celle des v\u00e9hicules transport\u00e9s.<\/li>\n<\/ul>\n\n<h5 class=\"wp-block-heading\"><strong>Qualifications :<\/strong><\/h5>\n\n<ul class=\"wp-block-list\">\n<li><strong>Permis de conduire valide :<\/strong> Poss\u00e9der un permis de conduire commercial canadien valide (classe 1) et un dossier de conduite vierge.<\/li>\n\n\n\n<li><strong>Exp\u00e9rience :<\/strong> Minimum 1 \u00e0 2 ans d&rsquo;exp\u00e9rience en tant que chauffeur de camion, de pr\u00e9f\u00e9rence avec une exp\u00e9rience dans le transport de voitures et les op\u00e9rations transfrontali\u00e8res.<\/li>\n\n\n\n<li><strong>Connaissances :<\/strong> Bonne connaissance des r\u00e9glementations f\u00e9d\u00e9rales, provinciales et internationales relatives \u00e0 la conduite de camions et au transport de v\u00e9hicules.<\/li>\n\n\n\n<li><strong>Comp\u00e9tences :<\/strong> Excellentes aptitudes \u00e0 la conduite, souci du d\u00e9tail et capacit\u00e9 \u00e0 utiliser des \u00e9quipements de transport en toute s\u00e9curit\u00e9 et de mani\u00e8re efficace.<\/li>\n\n\n\n<li><strong>Exp\u00e9rience du passage des fronti\u00e8res :<\/strong> Exp\u00e9rience des proc\u00e9dures de passage des fronti\u00e8res et de la r\u00e9glementation douani\u00e8re au Canada et aux \u00c9tats-Unis.<\/li>\n\n\n\n<li><strong>Test de d\u00e9pistage de drogues :<\/strong> Passez avec succ\u00e8s un test de d\u00e9pistage de drogues pr\u00e9alable \u00e0 l&#8217;embauche dans le cadre du processus de recrutement.<\/li>\n\n\n\n<li><strong>Examen routier de l&rsquo;entreprise : <\/strong>Vous devez passer un examen sur route sp\u00e9cifique \u00e0 l&rsquo;entreprise afin d&rsquo;\u00e9valuer vos comp\u00e9tences en mati\u00e8re de conduite.<\/li>\n\n\n\n<li><strong>V\u00e9rification des ant\u00e9c\u00e9dents criminels : <\/strong>Une v\u00e9rification des ant\u00e9c\u00e9dents criminels sera exig\u00e9e dans le cadre du processus d&#8217;embauche.<\/li>\n<\/ul>\n\n<h5 class=\"wp-block-heading\"><strong>Exigences physiques :<\/strong><\/h5>\n\n<ul class=\"wp-block-list\">\n<li><strong>Levage et portage :<\/strong> Capacit\u00e9 \u00e0 soulever, porter et manipuler des pi\u00e8ces de v\u00e9hicules et des \u00e9quipements pesant jusqu&rsquo;\u00e0 50 livres.<\/li>\n\n\n\n<li><strong>Grimper et man\u0153uvrer :<\/strong> Capable de monter et de descendre du camion et de la remorque et de man\u0153uvrer dans et autour de la zone de chargement des v\u00e9hicules.<\/li>\n\n\n\n<li><strong>Endurance :<\/strong> R\u00e9sistance physique permettant de passer de longues heures sur la route, y compris des p\u00e9riodes prolong\u00e9es en position assise, ainsi qu&rsquo;occasionnellement en position debout, en se penchant et en marchant.<\/li>\n\n\n\n<li><strong>Vision et dext\u00e9rit\u00e9 :<\/strong> Bonne vision et dext\u00e9rit\u00e9 manuelle pour utiliser les commandes du v\u00e9hicule et effectuer les inspections et les t\u00e2ches d&rsquo;entretien.<\/li>\n\n\n\n<li><strong>Conditions m\u00e9t\u00e9orologiques :<\/strong> Capacit\u00e9 \u00e0 travailler dans des conditions m\u00e9t\u00e9orologiques vari\u00e9es, y compris des temp\u00e9ratures extr\u00eames et des conditions m\u00e9t\u00e9orologiques d\u00e9favorables.<\/li>\n<\/ul>\n\n<h5 class=\"wp-block-heading\"><strong>Conditions de travail :<\/strong><\/h5>\n\n<ul class=\"wp-block-list\">\n<li><strong>D\u00e9placements :<\/strong> Fr\u00e9quents d\u00e9placements sur de longues distances \u00e0 travers le Canada et les \u00c9tats-Unis, avec de longues p\u00e9riodes d&rsquo;absence du domicile.<\/li>\n\n\n\n<li><strong>Environnement :<\/strong> Travail \u00e0 l&rsquo;int\u00e9rieur et \u00e0 l&rsquo;ext\u00e9rieur, y compris le chargement et le d\u00e9chargement de v\u00e9hicules dans des conditions m\u00e9t\u00e9orologiques vari\u00e9es.<\/li>\n\n\n\n<li><strong>Horaires :<\/strong> Horaires de travail flexibles, pouvant inclure les nuits, les week-ends et les jours f\u00e9ri\u00e9s, afin de respecter les d\u00e9lais de livraison et les besoins op\u00e9rationnels.<\/li>\n\n\n\n<li><strong>Protocoles de s\u00e9curit\u00e9 :<\/strong> Respect de l&rsquo;ensemble des r\u00e8gles et protocoles de s\u00e9curit\u00e9, y compris l&rsquo;utilisation d&rsquo;\u00e9quipements de protection individuelle (EPI) et de pratiques de conduite s\u00fbres.<\/li>\n<\/ul>\n\n<h5 class=\"wp-block-heading\"><strong>Formation :<\/strong> <\/h5>\n\n<p>Les nouveaux embauch\u00e9s devront suivre une p\u00e9riode de formation de 1 \u00e0 12 semaines, en fonction de leur exp\u00e9rience ant\u00e9rieure dans le domaine du transport routier. Cette formation portera sur les proc\u00e9dures propres \u00e0 l&rsquo;entreprise, le fonctionnement des \u00e9quipements, les protocoles de s\u00e9curit\u00e9 et les r\u00e9glementations transfrontali\u00e8res.<\/p>\n\n<h3 class=\"wp-block-heading\">Comment postuler ?<\/h3>\n\n<p>Si vous \u00eates passionn\u00e9 par la conduite de camions, nous voulons vous conna\u00eetre ! Veuillez envoyer votre CV et une lettre de motivation d\u00e9crivant vos qualifications et les raisons pour lesquelles vous souhaitez rejoindre MCL McGill Carriers Ltd \u00e0 <a href=\"mailto:recruiting@mclmcgill.com\">recruiting@mclmcgill.com<\/a>.<\/p>\n\n<p><\/p>\n","protected":false},"excerpt":{"rendered":"<p>Chauffeur d&rsquo;entreprise Les chauffeurs de camion de MCL McGill Carriers Ltd. seront responsables du transport s\u00e9curitaire de v\u00e9hicules \u00e0 destination et en provenance d&rsquo;endroits d\u00e9sign\u00e9s au Canada et aux \u00c9tats-Unis.&hellip;<\/p>\n","protected":false},"author":1,"featured_media":0,"parent":0,"menu_order":0,"comment_status":"closed","ping_status":"closed","template":"","meta":{"footnotes":""},"class_list":["post-9679","page","type-page","status-publish","hentry"],"_links":{"self":[{"href":"https:\/\/mclmcgill.com\/fr\/wp-json\/wp\/v2\/pages\/9679","targetHints":{"allow":["GET"]}}],"collection":[{"href":"https:\/\/mclmcgill.com\/fr\/wp-json\/wp\/v2\/pages"}],"about":[{"href":"https:\/\/mclmcgill.com\/fr\/wp-json\/wp\/v2\/types\/page"}],"author":[{"embeddable":true,"href":"https:\/\/mclmcgill.com\/fr\/wp-json\/wp\/v2\/users\/1"}],"replies":[{"embeddable":true,"href":"https:\/\/mclmcgill.com\/fr\/wp-json\/wp\/v2\/comments?post=9679"}],"version-history":[{"count":1,"href":"https:\/\/mclmcgill.com\/fr\/wp-json\/wp\/v2\/pages\/9679\/revisions"}],"predecessor-version":[{"id":9898,"href":"https:\/\/mclmcgill.com\/fr\/wp-json\/wp\/v2\/pages\/9679\/revisions\/9898"}],"wp:attachment":[{"href":"https:\/\/mclmcgill.com\/fr\/wp-json\/wp\/v2\/media?parent=9679"}],"curies":[{"name":"wp","href":"https:\/\/api.w.org\/{rel}","templated":true}]}}