{"id":9677,"date":"2025-02-21T11:53:00","date_gmt":"2025-02-21T19:53:00","guid":{"rendered":"https:\/\/mclmcgill.com\/partenaire-transporteur\/"},"modified":"2025-05-02T13:53:43","modified_gmt":"2025-05-02T20:53:43","slug":"partenaire-transporteur","status":"publish","type":"page","link":"https:\/\/mclmcgill.com\/fr\/partenaire-transporteur\/","title":{"rendered":"Partenaire transporteur"},"content":{"rendered":"<h2>Partenaire transporteur<\/h2>\n<p>Avec un r\u00e9seau de transporteurs en croissance constante \u00e0 travers le Canada et les \u00c9tats-Unis, MCL McGill est toujours \u00e0 la recherche de partenaires transporteurs avec lesquels travailler, afin d&rsquo;offrir un excellent service \u00e0 nos clients. Nous offrons un temps de fonctionnement constant et un grand potentiel de revenus.<\/p>\n<p>Nous sommes impatients de vous entendre ! Contactez-nous d\u00e8s aujourd&rsquo;hui \u00e0 l&rsquo;adresse <a id=\"menur521\" title=\"mailto:recruiting@mclmcgill.com\" href=\"mailto:recruiting@mclmcgill.com\" target=\"_blank\" rel=\"noreferrer noopener\" aria-label=\"Link recruiting@mclmcgill.com\">recruiting@mclmcgill.com<\/a>.  <\/p>\n","protected":false},"excerpt":{"rendered":"<p>Partenaire transporteur Avec un r\u00e9seau de transporteurs en croissance constante \u00e0 travers le Canada et les \u00c9tats-Unis, MCL McGill est toujours \u00e0 la recherche de partenaires transporteurs avec lesquels travailler,&hellip;<\/p>\n","protected":false},"author":1,"featured_media":0,"parent":0,"menu_order":0,"comment_status":"closed","ping_status":"closed","template":"","meta":{"footnotes":""},"class_list":["post-9677","page","type-page","status-publish","hentry"],"_links":{"self":[{"href":"https:\/\/mclmcgill.com\/fr\/wp-json\/wp\/v2\/pages\/9677","targetHints":{"allow":["GET"]}}],"collection":[{"href":"https:\/\/mclmcgill.com\/fr\/wp-json\/wp\/v2\/pages"}],"about":[{"href":"https:\/\/mclmcgill.com\/fr\/wp-json\/wp\/v2\/types\/page"}],"author":[{"embeddable":true,"href":"https:\/\/mclmcgill.com\/fr\/wp-json\/wp\/v2\/users\/1"}],"replies":[{"embeddable":true,"href":"https:\/\/mclmcgill.com\/fr\/wp-json\/wp\/v2\/comments?post=9677"}],"version-history":[{"count":1,"href":"https:\/\/mclmcgill.com\/fr\/wp-json\/wp\/v2\/pages\/9677\/revisions"}],"predecessor-version":[{"id":9897,"href":"https:\/\/mclmcgill.com\/fr\/wp-json\/wp\/v2\/pages\/9677\/revisions\/9897"}],"wp:attachment":[{"href":"https:\/\/mclmcgill.com\/fr\/wp-json\/wp\/v2\/media?parent=9677"}],"curies":[{"name":"wp","href":"https:\/\/api.w.org\/{rel}","templated":true}]}}