{"id":9673,"date":"2024-07-22T16:23:23","date_gmt":"2024-07-22T23:23:23","guid":{"rendered":"https:\/\/mclmcgill.com\/demande-rapide\/"},"modified":"2026-04-01T08:37:56","modified_gmt":"2026-04-01T15:37:56","slug":"demande-rapide","status":"publish","type":"page","link":"https:\/\/mclmcgill.com\/fr\/demande-rapide\/","title":{"rendered":"Demande rapide"},"content":{"rendered":"\t\t<div data-elementor-type=\"wp-page\" data-elementor-id=\"9673\" class=\"elementor elementor-9673 elementor-1751\" data-elementor-post-type=\"page\">\n\t\t\t\t\t\t<section class=\"elementor-section elementor-top-section elementor-element elementor-element-12db609 elementor-section-boxed elementor-section-height-default elementor-section-height-default sc_fly_static\" data-id=\"12db609\" data-element_type=\"section\">\n\t\t\t\t\t\t<div class=\"elementor-container elementor-column-gap-extended\">\n\t\t\t\t\t<div class=\"elementor-column elementor-col-100 elementor-top-column elementor-element elementor-element-a9adcda sc_content_align_inherit sc_layouts_column_icons_position_left sc_fly_static\" data-id=\"a9adcda\" data-element_type=\"column\">\n\t\t\t<div class=\"elementor-widget-wrap elementor-element-populated\">\n\t\t\t\t\t\t<div class=\"elementor-element elementor-element-38c18e3 sc_height_huge sc_fly_static elementor-widget elementor-widget-spacer\" data-id=\"38c18e3\" data-element_type=\"widget\" data-widget_type=\"spacer.default\">\n\t\t\t\t<div class=\"elementor-widget-container\">\n\t\t\t\t\t\t\t<div class=\"elementor-spacer\">\n\t\t\t<div class=\"elementor-spacer-inner\"><\/div>\n\t\t<\/div>\n\t\t\t\t\t\t<\/div>\n\t\t\t\t<\/div>\n\t\t\t\t<div class=\"elementor-element elementor-element-d9b713e sc_layouts_hide_on_notebook sc_layouts_hide_on_tablet sc_layouts_hide_on_mobile sc_fly_static elementor-widget elementor-widget-spacer\" data-id=\"d9b713e\" data-element_type=\"widget\" data-widget_type=\"spacer.default\">\n\t\t\t\t<div class=\"elementor-widget-container\">\n\t\t\t\t\t\t\t<div class=\"elementor-spacer\">\n\t\t\t<div class=\"elementor-spacer-inner\"><\/div>\n\t\t<\/div>\n\t\t\t\t\t\t<\/div>\n\t\t\t\t<\/div>\n\t\t\t\t\t<\/div>\n\t\t<\/div>\n\t\t\t\t\t<\/div>\n\t\t<\/section>\n\t\t\t\t<section class=\"elementor-section elementor-top-section elementor-element elementor-element-6efd2e6b elementor-section-content-middle elementor-section-boxed elementor-section-height-default elementor-section-height-default sc_fly_static\" data-id=\"6efd2e6b\" data-element_type=\"section\">\n\t\t\t\t\t\t<div class=\"elementor-container elementor-column-gap-extended\">\n\t\t\t\t\t<div class=\"elementor-column elementor-col-50 elementor-top-column elementor-element elementor-element-6fa92ec8 sc_content_align_inherit sc_layouts_column_icons_position_left sc_fly_static\" data-id=\"6fa92ec8\" data-element_type=\"column\">\n\t\t\t<div class=\"elementor-widget-wrap elementor-element-populated\">\n\t\t\t\t\t\t<div class=\"elementor-element elementor-element-1a347f7b sc_fly_static elementor-widget elementor-widget-trx_sc_title\" data-id=\"1a347f7b\" data-element_type=\"widget\" data-widget_type=\"trx_sc_title.default\">\n\t\t\t\t<div class=\"elementor-widget-container\">\n\t\t\t\t\t<div\t\tclass=\"sc_title sc_title_default\" ><span class=\"sc_item_subtitle sc_title_subtitle sc_item_subtitle_above sc_item_title_style_default\">Ce que nous proposons<\/span><h1 class=\"sc_item_title sc_title_title sc_item_title_style_default sc_item_title_tag\"\n\t\t\t><span class=\"sc_item_title_text\">Des solutions de transport fiables et efficaces<\/span><\/h1><div class=\"sc_item_descr sc_title_descr\"><p>Nos services de transport sont con\u00e7us pour r\u00e9pondre \u00e0 vos besoins avec pr\u00e9cision et fiabilit\u00e9. Nous nous effor\u00e7ons d'optimiser les itin\u00e9raires, de r\u00e9duire les retards et de veiller \u00e0 ce que vos envois arrivent \u00e0 temps. Faites-nous confiance pour vous proposer des solutions s\u00fbres et efficaces \u00e0 chaque \u00e9tape du processus.<\/p>\n<\/div><\/div>\t\t\t\t<\/div>\n\t\t\t\t<\/div>\n\t\t\t\t<div class=\"elementor-element elementor-element-f90c9f6 sc_fly_static elementor-widget elementor-widget-spacer\" data-id=\"f90c9f6\" data-element_type=\"widget\" data-widget_type=\"spacer.default\">\n\t\t\t\t<div class=\"elementor-widget-container\">\n\t\t\t\t\t\t\t<div class=\"elementor-spacer\">\n\t\t\t<div class=\"elementor-spacer-inner\"><\/div>\n\t\t<\/div>\n\t\t\t\t\t\t<\/div>\n\t\t\t\t<\/div>\n\t\t\t\t<div class=\"elementor-element elementor-element-4c5bd7e sc_fly_static elementor-widget elementor-widget-text-editor\" data-id=\"4c5bd7e\" data-element_type=\"widget\" data-widget_type=\"text-editor.default\">\n\t\t\t\t<div class=\"elementor-widget-container\">\n\t\t\t\t\t\t\t\t\t<ul class=\"trx_addons_list_success\"><li>Pour les clients OEM<\/li><li>Pour les v\u00e9hicules second march\u00e9<\/li><li>Services sp\u00e9cialis\u00e9s<\/li><\/ul>\t\t\t\t\t\t\t\t<\/div>\n\t\t\t\t<\/div>\n\t\t\t\t<div class=\"elementor-element elementor-element-65837865 sc_fly_static elementor-widget elementor-widget-spacer\" data-id=\"65837865\" data-element_type=\"widget\" data-widget_type=\"spacer.default\">\n\t\t\t\t<div class=\"elementor-widget-container\">\n\t\t\t\t\t\t\t<div class=\"elementor-spacer\">\n\t\t\t<div class=\"elementor-spacer-inner\"><\/div>\n\t\t<\/div>\n\t\t\t\t\t\t<\/div>\n\t\t\t\t<\/div>\n\t\t\t\t<div class=\"elementor-element elementor-element-b7a20ab sc_fly_static elementor-widget elementor-widget-trx_sc_button\" data-id=\"b7a20ab\" data-element_type=\"widget\" data-widget_type=\"trx_sc_button.default\">\n\t\t\t\t<div class=\"elementor-widget-container\">\n\t\t\t\t\t<div\tclass=\"sc_item_button sc_button_wrap sc_button_multiple\" ><a href=\"https:\/\/mclmcgill.com\/fr\/nos-services\/\" class=\"sc_button sc_button_default sc_button_multiple_item sc_button_size_normal sc_button_icon_left color_style_dark\" style=\"margin-right:20px;\" ><span class=\"sc_button_text\"><span class=\"sc_button_title\">Nos services<\/span><\/span><\/a><a href=\"tel:+16045266560\" class=\"sc_button sc_button_simple sc_button_multiple_item button_bg_icon_color2 sc_button_size_large sc_button_with_icon sc_button_icon_left color_style_dark\" ><span class=\"sc_button_icon\"><span class=\"icon-phone-call\"><\/span><\/span><span class=\"sc_button_text\"><span class=\"sc_button_title\">+1 604-526-6560<\/span><\/span><\/a><\/div>\t\t\t\t<\/div>\n\t\t\t\t<\/div>\n\t\t\t\t\t<\/div>\n\t\t<\/div>\n\t\t\t\t<div class=\"elementor-column elementor-col-50 elementor-top-column elementor-element elementor-element-5d23081b sc_content_align_inherit sc_layouts_column_icons_position_left sc_fly_static\" data-id=\"5d23081b\" data-element_type=\"column\">\n\t\t\t<div class=\"elementor-widget-wrap elementor-element-populated\">\n\t\t\t\t\t\t<div class=\"elementor-element elementor-element-7c03695 scheme_dark sc_fly_static elementor-widget elementor-widget-trx_sc_contact_form_7\" data-id=\"7c03695\" data-element_type=\"widget\" data-widget_type=\"trx_sc_contact_form_7.default\">\n\t\t\t\t<div class=\"elementor-widget-container\">\n\t\t\t\t\t\n<div class=\"wpcf7 no-js\" id=\"wpcf7-f9737-o1\" lang=\"fr-FR\" dir=\"ltr\" data-wpcf7-id=\"9737\">\n<div class=\"screen-reader-response\"><p role=\"status\" aria-live=\"polite\" aria-atomic=\"true\"><\/p> <ul><\/ul><\/div>\n<form action=\"\/fr\/wp-json\/wp\/v2\/pages\/9673#wpcf7-f9737-o1\" method=\"post\" class=\"wpcf7-form init\" aria-label=\"Formulaire de contact\" novalidate=\"novalidate\" data-status=\"init\">\n<fieldset class=\"hidden-fields-container\"><input type=\"hidden\" name=\"_wpcf7\" value=\"9737\" \/><input type=\"hidden\" name=\"_wpcf7_version\" value=\"6.1.5\" \/><input type=\"hidden\" name=\"_wpcf7_locale\" value=\"fr_FR\" \/><input type=\"hidden\" name=\"_wpcf7_unit_tag\" value=\"wpcf7-f9737-o1\" \/><input type=\"hidden\" name=\"_wpcf7_container_post\" value=\"0\" \/><input type=\"hidden\" name=\"_wpcf7_posted_data_hash\" value=\"\" \/><input type=\"hidden\" name=\"_wpcf7_recaptcha_response\" value=\"\" \/>\n<\/fieldset>\n<div class=\"form-style-extra\">\n\t<h2>Commencez votre voyage\n\t<\/h2>\n\t<div class=\"columns_wrap\">\n\t\t<div class=\"column-1_2\">\n\t\t\t<p><span class=\"label\">Pickup loc :<\/span><span class=\"wpcf7-form-control-wrap\" data-name=\"your-from\"><input size=\"40\" maxlength=\"400\" class=\"wpcf7-form-control wpcf7-text wpcf7-validates-as-required\" aria-required=\"true\" aria-invalid=\"false\" placeholder=\"From\" value=\"\" type=\"text\" name=\"your-from\" \/><\/span>\n\t\t\t<\/p>\n\t\t<\/div>\n\t\t<div class=\"column-1_2\">\n\t\t\t<p><span class=\"label\">Lieu de livraison :<\/span><span class=\"wpcf7-form-control-wrap\" data-name=\"your-to\"><input size=\"40\" maxlength=\"400\" class=\"wpcf7-form-control wpcf7-text wpcf7-validates-as-required\" aria-required=\"true\" aria-invalid=\"false\" placeholder=\"To\" value=\"\" type=\"text\" name=\"your-to\" \/><\/span>\n\t\t\t<\/p>\n\t\t<\/div>\n\t<\/div>\n\t<div class=\"columns_wrap\">\n\t\t<div class=\"column-1_1\">\n\t\t\t<p><span class=\"label\">Type de fret :<\/span><span class=\"wpcf7-form-control-wrap\" data-name=\"select-type\"><select class=\"wpcf7-form-control wpcf7-select wpcf7-validates-as-required\" aria-required=\"true\" aria-invalid=\"false\" name=\"select-type\"><option value=\"\">&#8212;Veuillez choisir une option&#8212;<\/option><option value=\"OEM\">OEM<\/option><option value=\"Remarques\">Remarques<\/option><option value=\"Sp\u00e9cialis\u00e9\">Sp\u00e9cialis\u00e9<\/option><option value=\"Autre\">Autre<\/option><\/select><\/span>\n\t\t\t<\/p>\n\t\t<\/div>\n\t<\/div>\n\t<div class=\"columns_wrap\">\n\t\t<div class=\"column-1_1\">\n\t\t\t<p><span class=\"label\">Poids, MT :<\/span><span class=\"wpcf7-form-control-wrap\" data-name=\"number-weight\"><input class=\"wpcf7-form-control wpcf7-number wpcf7-validates-as-required wpcf7-validates-as-number\" min=\"0\" max=\"10000\" step=\"10\" aria-required=\"true\" aria-invalid=\"false\" placeholder=\"0\" value=\"\" type=\"number\" name=\"number-weight\" \/><\/span>\n\t\t\t<\/p>\n\t\t<\/div>\n\t<\/div>\n\t<div class=\"columns_wrap margin-bottom\">\n\t\t<div class=\"column-1_2\">\n\t\t\t<p><span class=\"label\">Votre nom :<\/span><span class=\"wpcf7-form-control-wrap\" data-name=\"your-name\"><input size=\"40\" maxlength=\"400\" class=\"wpcf7-form-control wpcf7-text wpcf7-validates-as-required\" aria-required=\"true\" aria-invalid=\"false\" placeholder=\"Nom\" value=\"\" type=\"text\" name=\"your-name\" \/><\/span>\n\t\t\t<\/p>\n\t\t<\/div>\n\t\t<div class=\"column-1_2\">\n\t\t\t<p><span class=\"label\">Votre t\u00e9l\u00e9phone :<\/span><span class=\"wpcf7-form-control-wrap\" data-name=\"your-tel\"><input size=\"40\" maxlength=\"400\" class=\"wpcf7-form-control wpcf7-tel wpcf7-validates-as-required wpcf7-text wpcf7-validates-as-tel\" aria-required=\"true\" aria-invalid=\"false\" placeholder=\"T\u00e9l\u00e9phone\" value=\"\" type=\"tel\" name=\"your-tel\" \/><\/span>\n\t\t\t<\/p>\n\t\t<\/div>\n\t<\/div>\n\t<p><span class=\"wpcf7-form-control-wrap\" data-name=\"acceptance\"><span class=\"wpcf7-form-control wpcf7-acceptance\"><span class=\"wpcf7-list-item\"><label><input type=\"checkbox\" name=\"acceptance\" value=\"1\" aria-invalid=\"false\" \/><span class=\"wpcf7-list-item-label\">J'accepte la <a href=\"https:\/\/mclmcgill.com\/privacy-policy\/\">politique de confidentialit\u00e9<\/a> du site.<\/span><\/label><\/span><\/span><\/span><input class=\"wpcf7-form-control wpcf7-submit has-spinner\" type=\"submit\" value=\"Soumettre une demande\" \/>\n\t<\/p>\n<\/div><div class=\"wpcf7-response-output\" aria-hidden=\"true\"><\/div>\n<\/form>\n<\/div>\n\t\t\t\t<\/div>\n\t\t\t\t<\/div>\n\t\t\t\t\t<\/div>\n\t\t<\/div>\n\t\t\t\t\t<\/div>\n\t\t<\/section>\n\t\t\t\t<section class=\"elementor-section elementor-top-section elementor-element elementor-element-f476aec elementor-section-boxed elementor-section-height-default elementor-section-height-default sc_fly_static\" data-id=\"f476aec\" data-element_type=\"section\">\n\t\t\t\t\t\t<div class=\"elementor-container elementor-column-gap-extended\">\n\t\t\t\t\t<div class=\"elementor-column elementor-col-100 elementor-top-column elementor-element elementor-element-fdd8876 sc_content_align_inherit sc_layouts_column_icons_position_left sc_fly_static\" data-id=\"fdd8876\" data-element_type=\"column\">\n\t\t\t<div class=\"elementor-widget-wrap elementor-element-populated\">\n\t\t\t\t\t\t<div class=\"elementor-element elementor-element-e5158b5 sc_fly_static elementor-widget elementor-widget-spacer\" data-id=\"e5158b5\" data-element_type=\"widget\" data-widget_type=\"spacer.default\">\n\t\t\t\t<div class=\"elementor-widget-container\">\n\t\t\t\t\t\t\t<div class=\"elementor-spacer\">\n\t\t\t<div class=\"elementor-spacer-inner\"><\/div>\n\t\t<\/div>\n\t\t\t\t\t\t<\/div>\n\t\t\t\t<\/div>\n\t\t\t\t\t<\/div>\n\t\t<\/div>\n\t\t\t\t\t<\/div>\n\t\t<\/section>\n\t\t\t\t<\/div>\n\t\t","protected":false},"excerpt":{"rendered":"<p>Ce que nous proposons Des solutions de transport fiables et efficaces Nos services de transport sont con\u00e7us pour r\u00e9pondre \u00e0 vos besoins avec pr\u00e9cision et fiabilit\u00e9. Nous nous effor\u00e7ons d&rsquo;optimiser&hellip;<\/p>\n","protected":false},"author":1,"featured_media":0,"parent":0,"menu_order":0,"comment_status":"closed","ping_status":"closed","template":"","meta":{"footnotes":""},"class_list":["post-9673","page","type-page","status-publish","hentry"],"_links":{"self":[{"href":"https:\/\/mclmcgill.com\/fr\/wp-json\/wp\/v2\/pages\/9673","targetHints":{"allow":["GET"]}}],"collection":[{"href":"https:\/\/mclmcgill.com\/fr\/wp-json\/wp\/v2\/pages"}],"about":[{"href":"https:\/\/mclmcgill.com\/fr\/wp-json\/wp\/v2\/types\/page"}],"author":[{"embeddable":true,"href":"https:\/\/mclmcgill.com\/fr\/wp-json\/wp\/v2\/users\/1"}],"replies":[{"embeddable":true,"href":"https:\/\/mclmcgill.com\/fr\/wp-json\/wp\/v2\/comments?post=9673"}],"version-history":[{"count":4,"href":"https:\/\/mclmcgill.com\/fr\/wp-json\/wp\/v2\/pages\/9673\/revisions"}],"predecessor-version":[{"id":10035,"href":"https:\/\/mclmcgill.com\/fr\/wp-json\/wp\/v2\/pages\/9673\/revisions\/10035"}],"wp:attachment":[{"href":"https:\/\/mclmcgill.com\/fr\/wp-json\/wp\/v2\/media?parent=9673"}],"curies":[{"name":"wp","href":"https:\/\/api.w.org\/{rel}","templated":true}]}}