{"id":9665,"date":"2024-07-25T09:02:37","date_gmt":"2024-07-25T16:02:37","guid":{"rendered":"https:\/\/mclmcgill.com\/rejoignez-notre-equipe\/"},"modified":"2025-05-02T13:54:28","modified_gmt":"2025-05-02T20:54:28","slug":"rejoignez-notre-equipe","status":"publish","type":"page","link":"https:\/\/mclmcgill.com\/fr\/rejoignez-notre-equipe\/","title":{"rendered":"Rejoignez notre \u00e9quipe"},"content":{"rendered":"\t\t<div data-elementor-type=\"wp-page\" data-elementor-id=\"9665\" class=\"elementor elementor-9665 elementor-3179\" data-elementor-post-type=\"page\">\n\t\t\t\t\t\t<section class=\"elementor-section elementor-top-section elementor-element elementor-element-611f188f elementor-section-boxed elementor-section-height-default elementor-section-height-default sc_fly_static\" data-id=\"611f188f\" data-element_type=\"section\">\n\t\t\t\t\t\t<div class=\"elementor-container elementor-column-gap-extended\">\n\t\t\t\t\t<div class=\"elementor-column elementor-col-100 elementor-top-column elementor-element elementor-element-5b2b2e67 sc_content_align_inherit sc_layouts_column_icons_position_left sc_fly_static\" data-id=\"5b2b2e67\" data-element_type=\"column\">\n\t\t\t<div class=\"elementor-widget-wrap elementor-element-populated\">\n\t\t\t\t\t\t<div class=\"elementor-element elementor-element-74331bef sc_height_medium sc_fly_static elementor-widget elementor-widget-spacer\" data-id=\"74331bef\" data-element_type=\"widget\" data-widget_type=\"spacer.default\">\n\t\t\t\t<div class=\"elementor-widget-container\">\n\t\t\t\t\t\t\t<div class=\"elementor-spacer\">\n\t\t\t<div class=\"elementor-spacer-inner\"><\/div>\n\t\t<\/div>\n\t\t\t\t\t\t<\/div>\n\t\t\t\t<\/div>\n\t\t\t\t<div class=\"elementor-element elementor-element-42c8c49 sc_fly_static elementor-widget elementor-widget-trx_sc_title\" data-id=\"42c8c49\" data-element_type=\"widget\" data-widget_type=\"trx_sc_title.default\">\n\t\t\t\t<div class=\"elementor-widget-container\">\n\t\t\t\t\t<div\t\tclass=\"sc_title sc_title_default\" ><h3 class=\"sc_item_title sc_title_title sc_align_center sc_item_title_style_default sc_item_title_tag\"\n\t\t\t><span class=\"sc_item_title_text\">\nD\u00e9bloquez une carri\u00e8re enrichissante en travaillant pour la meilleure entreprise sur la route.\n<\/span><\/h3><\/div>\t\t\t\t<\/div>\n\t\t\t\t<\/div>\n\t\t\t\t<div class=\"elementor-element elementor-element-50585839 sc_fly_static elementor-widget elementor-widget-spacer\" data-id=\"50585839\" data-element_type=\"widget\" data-widget_type=\"spacer.default\">\n\t\t\t\t<div class=\"elementor-widget-container\">\n\t\t\t\t\t\t\t<div class=\"elementor-spacer\">\n\t\t\t<div class=\"elementor-spacer-inner\"><\/div>\n\t\t<\/div>\n\t\t\t\t\t\t<\/div>\n\t\t\t\t<\/div>\n\t\t\t\t<div class=\"elementor-element elementor-element-62055f46 sc_fly_static elementor-widget elementor-widget-text-editor\" data-id=\"62055f46\" data-element_type=\"widget\" data-widget_type=\"text-editor.default\">\n\t\t\t\t<div class=\"elementor-widget-container\">\n\t\t\t\t\t\t\t\t\t<p>Chez MCL McGill Carriers Ltd, nous sommes un fournisseur de premier plan de services de transport de voitures, engag\u00e9 \u00e0 fournir des solutions de transport s\u00fbres, fiables et efficaces \u00e0 travers le Canada. Nous sommes toujours \u00e0 la recherche de professionnels d\u00e9vou\u00e9s pour se joindre \u00e0 notre \u00e9quipe en pleine croissance. <\/p><p>Nous recherchons des personnes qui sont fi\u00e8res de leur travail, qui sont passionn\u00e9es par le secteur des transports et qui s&rsquo;engagent \u00e0 respecter les r\u00e9glementations et les protocoles de s\u00e9curit\u00e9 qui nous permettent de rester des leaders dans notre domaine.<\/p><p><strong>Pr\u00eat \u00e0 rejoindre notre \u00e9quipe ?<\/strong><\/p><p><strong>Chauffeurs et chauffeurs-propri\u00e9taires &#8211; <\/strong>Bien que nous n&rsquo;ayons pas toujours des postes \u00e0 pourvoir imm\u00e9diatement, nous sommes toujours ravis de rencontrer des chauffeurs et des chauffeurs-propri\u00e9taires talentueux qui souhaitent rejoindre notre \u00e9quipe. Vous trouverez ci-dessous les exigences du poste et ce que c&rsquo;est que de travailler avec nous. Si vous souhaitez vous joindre \u00e0 MCL lorsqu&rsquo;une occasion se pr\u00e9sentera, veuillez soumettre votre candidature d\u00e8s aujourd&rsquo;hui. Nous conserverons vos informations et vous contacterons d\u00e8s qu&rsquo;un poste sera disponible.   <\/p><p><strong>Professionnels de l&rsquo;administration &#8211; <\/strong>Consultez ci-dessous les opportunit\u00e9s disponibles.<\/p><p><strong>Postulez maintenant !<br><\/strong>Soumettez votre CV et tout document pertinent \u00e0 <a href=\"mailto:recruiting@mclmcgill.com\">recruiting@mclmcgill.com<\/a> et soyez pr\u00eat pour la prochaine opportunit\u00e9 avec MCL.<\/p>\t\t\t\t\t\t\t\t<\/div>\n\t\t\t\t<\/div>\n\t\t\t\t\t<\/div>\n\t\t<\/div>\n\t\t\t\t\t<\/div>\n\t\t<\/section>\n\t\t\t\t<section class=\"elementor-section elementor-top-section elementor-element elementor-element-2d27acc7 elementor-section-boxed elementor-section-height-default elementor-section-height-default sc_fly_static\" data-id=\"2d27acc7\" data-element_type=\"section\" data-settings=\"{&quot;background_background&quot;:&quot;classic&quot;}\">\n\t\t\t\t\t\t<div class=\"elementor-container elementor-column-gap-extended\">\n\t\t\t\t\t<div class=\"elementor-column elementor-col-100 elementor-top-column elementor-element elementor-element-11880683 sc_content_align_inherit sc_layouts_column_icons_position_left sc_fly_static\" data-id=\"11880683\" data-element_type=\"column\">\n\t\t\t<div class=\"elementor-widget-wrap elementor-element-populated\">\n\t\t\t\t\t\t<section class=\"elementor-section elementor-inner-section elementor-element elementor-element-55b2c302 elementor-section-boxed elementor-section-height-default elementor-section-height-default sc_fly_static\" data-id=\"55b2c302\" data-element_type=\"section\">\n\t\t\t\t\t\t<div class=\"elementor-container elementor-column-gap-no\">\n\t\t\t\t\t<div class=\"elementor-column elementor-col-100 elementor-inner-column elementor-element elementor-element-732814e8 sc_content_align_inherit sc_layouts_column_icons_position_left sc_fly_static\" data-id=\"732814e8\" data-element_type=\"column\">\n\t\t\t<div class=\"elementor-widget-wrap elementor-element-populated\">\n\t\t\t\t\t\t<div class=\"elementor-element elementor-element-9716c00 sc_fly_static elementor-widget elementor-widget-trx_sc_anchor\" data-id=\"9716c00\" data-element_type=\"widget\" data-widget_type=\"trx_sc_anchor.default\">\n\t\t\t\t<div class=\"elementor-widget-container\">\n\t\t\t\t\t<a id=\"sc_anchor_jobs\"\ttitle=\"\"  class=\"sc_anchor sc_anchor_default\" data-vc-icon=\"\" data-url=\"\" ><\/a>\t\t\t\t<\/div>\n\t\t\t\t<\/div>\n\t\t\t\t\t<\/div>\n\t\t<\/div>\n\t\t\t\t\t<\/div>\n\t\t<\/section>\n\t\t\t\t<div class=\"elementor-element elementor-element-65c84d76 sc_height_medium sc_fly_static elementor-widget elementor-widget-spacer\" data-id=\"65c84d76\" data-element_type=\"widget\" data-widget_type=\"spacer.default\">\n\t\t\t\t<div class=\"elementor-widget-container\">\n\t\t\t\t\t\t\t<div class=\"elementor-spacer\">\n\t\t\t<div class=\"elementor-spacer-inner\"><\/div>\n\t\t<\/div>\n\t\t\t\t\t\t<\/div>\n\t\t\t\t<\/div>\n\t\t\t\t<div class=\"elementor-element elementor-element-3ce02d15 sc_fly_static elementor-widget elementor-widget-trx_sc_price\" data-id=\"3ce02d15\" data-element_type=\"widget\" data-widget_type=\"trx_sc_price.default\">\n\t\t\t\t<div class=\"elementor-widget-container\">\n\t\t\t\t\t<div  \r\n\tclass=\"sc_price sc_price_metro\"><div class=\"sc_price_columns_wrap sc_item_columns trx_addons_columns_wrap columns_padding_bottom columns_in_single_row\"><div class=\"trx_addons_column-1_2\"><div class=\"sc_price_item sc_price_item_metro\">\r\n\t\t\t<div class=\"sc_price_item_label\">Recrutement en cours<\/div><div class=\"sc_price_item_inner\"><div class=\"sc_price_item_info_top\"><h3 class=\"sc_price_item_title\"><span>Chauffeur d&#039;entreprise CDL-A<\/span><\/h3><\/div><div class=\"sc_price_item_info\"><div class=\"sc_price_item_details\"><p>Les chauffeurs de camion de MCL McGill Carriers Ltd. seront responsables du transport s\u00e9curitaire de v\u00e9hicules \u00e0 destination et en provenance d'endroits d\u00e9sign\u00e9s au Canada et aux \u00c9tats-Unis. Le chauffeur de camion assurera une livraison rapide et s\u00e9curitaire tout en respectant tous les r\u00e8glements f\u00e9d\u00e9raux et internationaux ainsi que les politiques de l'entreprise.<\/p><\/p>\n<\/div><\/div><!-- \/.sc_price_item_info --><\/div><!-- \/.sc_price_item_inner --><a href=\"https:\/\/mclmcgill.com\/fr\/chauffeur-dentreprise\/\" class=\"sc_price_item_link sc_button\">EN SAVOIR PLUS<\/a><\/div><\/div><div class=\"trx_addons_column-1_2\"><div class=\"sc_price_item sc_price_item_metro\">\r\n\t\t\t<div class=\"sc_price_item_label\">Recrutement en cours<\/div><div class=\"sc_price_item_inner\"><div class=\"sc_price_item_info_top\"><h3 class=\"sc_price_item_title\"><span>CDL-A Propri\u00e9taire-exploitant<\/span><\/h3><\/div><div class=\"sc_price_item_info\"><div class=\"sc_price_item_details\"><p>En tant que partenaire commercial de MCL McGill Carriers Ltd, vous serez responsable du transport s\u00e9curitaire de v\u00e9hicules \u00e0 travers le Canada et les \u00c9tats-Unis \u00e0 l'aide de votre propre camion et de votre \u00e9quipement de transport de voitures. Vous g\u00e9rerez et exploiterez votre propre entreprise tout en collaborant avec nous pour assurer la livraison des v\u00e9hicules en temps voulu et en toute s\u00e9curit\u00e9, tout en respectant l'ensemble des r\u00e9glementations f\u00e9d\u00e9rales et internationales applicables ainsi que les politiques de l'entreprise. <\/p>\n<\/div><\/div><!-- \/.sc_price_item_info --><\/div><!-- \/.sc_price_item_inner --><a href=\"https:\/\/mclmcgill.com\/fr\/proprietaire-exploitant\/\" class=\"sc_price_item_link sc_button\">EN SAVOIR PLUS<\/a><\/div><\/div><\/div><\/div><!-- \/.sc_price -->\t\t\t\t<\/div>\n\t\t\t\t<\/div>\n\t\t\t\t<div class=\"elementor-element elementor-element-b6a92a3 sc_layouts_hide_on_notebook sc_layouts_hide_on_tablet sc_layouts_hide_on_mobile sc_fly_static elementor-widget elementor-widget-spacer\" data-id=\"b6a92a3\" data-element_type=\"widget\" data-widget_type=\"spacer.default\">\n\t\t\t\t<div class=\"elementor-widget-container\">\n\t\t\t\t\t\t\t<div class=\"elementor-spacer\">\n\t\t\t<div class=\"elementor-spacer-inner\"><\/div>\n\t\t<\/div>\n\t\t\t\t\t\t<\/div>\n\t\t\t\t<\/div>\n\t\t\t\t\t<\/div>\n\t\t<\/div>\n\t\t\t\t\t<\/div>\n\t\t<\/section>\n\t\t\t\t<section class=\"elementor-section elementor-top-section elementor-element elementor-element-60fa013 elementor-section-boxed elementor-section-height-default elementor-section-height-default sc_fly_static\" data-id=\"60fa013\" data-element_type=\"section\">\n\t\t\t\t\t\t<div class=\"elementor-container elementor-column-gap-extended\">\n\t\t\t\t\t<div class=\"elementor-column elementor-col-100 elementor-top-column elementor-element elementor-element-852bafe sc_content_align_inherit sc_layouts_column_icons_position_left sc_fly_static\" data-id=\"852bafe\" data-element_type=\"column\">\n\t\t\t<div class=\"elementor-widget-wrap elementor-element-populated\">\n\t\t\t\t\t\t<div class=\"elementor-element elementor-element-128709f sc_fly_static elementor-widget elementor-widget-spacer\" data-id=\"128709f\" data-element_type=\"widget\" data-widget_type=\"spacer.default\">\n\t\t\t\t<div class=\"elementor-widget-container\">\n\t\t\t\t\t\t\t<div class=\"elementor-spacer\">\n\t\t\t<div class=\"elementor-spacer-inner\"><\/div>\n\t\t<\/div>\n\t\t\t\t\t\t<\/div>\n\t\t\t\t<\/div>\n\t\t\t\t\t<\/div>\n\t\t<\/div>\n\t\t\t\t\t<\/div>\n\t\t<\/section>\n\t\t\t\t<\/div>\n\t\t","protected":false},"excerpt":{"rendered":"<p>D\u00e9bloquez une carri\u00e8re enrichissante en travaillant pour la meilleure entreprise sur la route. Chez MCL McGill Carriers Ltd, nous sommes un fournisseur de premier plan de services de transport de&hellip;<\/p>\n","protected":false},"author":1,"featured_media":0,"parent":0,"menu_order":0,"comment_status":"closed","ping_status":"closed","template":"","meta":{"footnotes":""},"class_list":["post-9665","page","type-page","status-publish","hentry"],"_links":{"self":[{"href":"https:\/\/mclmcgill.com\/fr\/wp-json\/wp\/v2\/pages\/9665","targetHints":{"allow":["GET"]}}],"collection":[{"href":"https:\/\/mclmcgill.com\/fr\/wp-json\/wp\/v2\/pages"}],"about":[{"href":"https:\/\/mclmcgill.com\/fr\/wp-json\/wp\/v2\/types\/page"}],"author":[{"embeddable":true,"href":"https:\/\/mclmcgill.com\/fr\/wp-json\/wp\/v2\/users\/1"}],"replies":[{"embeddable":true,"href":"https:\/\/mclmcgill.com\/fr\/wp-json\/wp\/v2\/comments?post=9665"}],"version-history":[{"count":2,"href":"https:\/\/mclmcgill.com\/fr\/wp-json\/wp\/v2\/pages\/9665\/revisions"}],"predecessor-version":[{"id":9901,"href":"https:\/\/mclmcgill.com\/fr\/wp-json\/wp\/v2\/pages\/9665\/revisions\/9901"}],"wp:attachment":[{"href":"https:\/\/mclmcgill.com\/fr\/wp-json\/wp\/v2\/media?parent=9665"}],"curies":[{"name":"wp","href":"https:\/\/api.w.org\/{rel}","templated":true}]}}